{"id":14,"date":"2024-01-22T08:14:43","date_gmt":"2024-01-22T08:14:43","guid":{"rendered":"http:\/\/www.tmivillevihonen.fi\/?page_id=14"},"modified":"2024-02-08T09:10:22","modified_gmt":"2024-02-08T09:10:22","slug":"home","status":"publish","type":"page","link":"https:\/\/www.tmivillevihonen.fi\/","title":{"rendered":"Home"},"content":{"rendered":"\t\t<div data-elementor-type=\"wp-page\" data-elementor-id=\"14\" class=\"elementor elementor-14\">\n\t\t\t\t<div class=\"elementor-element elementor-element-f9bcbf0 e-flex e-con-boxed e-con e-parent\" data-id=\"f9bcbf0\" data-element_type=\"container\" data-e-type=\"container\">\n\t\t\t\t\t<div class=\"e-con-inner\">\n\t\t\t\t<div class=\"elementor-element elementor-element-6ef940a elementor-widget-mobile__width-initial elementor-hidden-mobile elementor-widget elementor-widget-heading\" data-id=\"6ef940a\" data-element_type=\"widget\" data-e-type=\"widget\" data-widget_type=\"heading.default\">\n\t\t\t\t<div class=\"elementor-widget-container\">\n\t\t\t\t\t<h1 class=\"elementor-heading-title elementor-size-default\">Ilmal\u00e4mp\u00f6pumppujen<\/h1>\t\t\t\t<\/div>\n\t\t\t\t<\/div>\n\t\t\t\t<div class=\"elementor-element elementor-element-070a319 elementor-widget-mobile__width-initial elementor-hidden-mobile elementor-widget elementor-widget-heading\" data-id=\"070a319\" data-element_type=\"widget\" data-e-type=\"widget\" data-widget_type=\"heading.default\">\n\t\t\t\t<div class=\"elementor-widget-container\">\n\t\t\t\t\t<h2 class=\"elementor-heading-title elementor-size-default\">myynti-asennus-huolto<\/h2>\t\t\t\t<\/div>\n\t\t\t\t<\/div>\n\t\t\t\t\t<\/div>\n\t\t\t\t<\/div>\n\t\t<div class=\"elementor-element elementor-element-d2b7951 e-flex e-con-boxed e-con e-parent\" data-id=\"d2b7951\" data-element_type=\"container\" data-e-type=\"container\">\n\t\t\t\t\t<div class=\"e-con-inner\">\n\t\t\t\t<div class=\"elementor-element elementor-element-33f4e36 elementor-hidden-desktop elementor-hidden-tablet elementor-widget elementor-widget-heading\" data-id=\"33f4e36\" data-element_type=\"widget\" data-e-type=\"widget\" data-widget_type=\"heading.default\">\n\t\t\t\t<div class=\"elementor-widget-container\">\n\t\t\t\t\t<h2 class=\"elementor-heading-title elementor-size-default\">Ilmal\u00e4mp\u00f6pumppujen\n<\/h2>\t\t\t\t<\/div>\n\t\t\t\t<\/div>\n\t\t\t\t<div class=\"elementor-element elementor-element-bf5cefc elementor-hidden-desktop elementor-hidden-tablet elementor-widget elementor-widget-heading\" data-id=\"bf5cefc\" data-element_type=\"widget\" data-e-type=\"widget\" data-widget_type=\"heading.default\">\n\t\t\t\t<div class=\"elementor-widget-container\">\n\t\t\t\t\t<h2 class=\"elementor-heading-title elementor-size-default\">myynti-asennus-huolto<\/h2>\t\t\t\t<\/div>\n\t\t\t\t<\/div>\n\t\t\t\t<div class=\"elementor-element elementor-element-3655d09 elementor-widget elementor-widget-heading\" data-id=\"3655d09\" data-element_type=\"widget\" data-e-type=\"widget\" data-widget_type=\"heading.default\">\n\t\t\t\t<div class=\"elementor-widget-container\">\n\t\t\t\t\t<h2 class=\"elementor-heading-title elementor-size-default\">Rantasalmi - Joroinen - Varkaus - Savonlinna - Juva<\/h2>\t\t\t\t<\/div>\n\t\t\t\t<\/div>\n\t\t\t\t\t<\/div>\n\t\t\t\t<\/div>\n\t\t<div class=\"elementor-element elementor-element-81e051f e-flex e-con-boxed e-con e-parent\" data-id=\"81e051f\" data-element_type=\"container\" data-e-type=\"container\">\n\t\t\t\t\t<div class=\"e-con-inner\">\n\t\t\t\t<div class=\"elementor-element elementor-element-a9358e7 elementor-widget elementor-widget-image\" data-id=\"a9358e7\" data-element_type=\"widget\" data-e-type=\"widget\" data-widget_type=\"image.default\">\n\t\t\t\t<div class=\"elementor-widget-container\">\n\t\t\t\t\t\t\t\t\t\t\t\t\t\t\t<img fetchpriority=\"high\" decoding=\"async\" width=\"1666\" height=\"1390\" src=\"https:\/\/www.tmivillevihonen.fi\/wp-content\/uploads\/2024\/01\/vv_logo-e1706348401138.png\" class=\"attachment-full size-full wp-image-134\" alt=\"Tmi Ville Vihonen logo\" srcset=\"https:\/\/www.tmivillevihonen.fi\/wp-content\/uploads\/2024\/01\/vv_logo-e1706348401138.png 1666w, https:\/\/www.tmivillevihonen.fi\/wp-content\/uploads\/2024\/01\/vv_logo-e1706348401138-300x250.png 300w, https:\/\/www.tmivillevihonen.fi\/wp-content\/uploads\/2024\/01\/vv_logo-e1706348401138-1024x854.png 1024w, https:\/\/www.tmivillevihonen.fi\/wp-content\/uploads\/2024\/01\/vv_logo-e1706348401138-768x641.png 768w, https:\/\/www.tmivillevihonen.fi\/wp-content\/uploads\/2024\/01\/vv_logo-e1706348401138-1536x1282.png 1536w\" sizes=\"(max-width: 1666px) 100vw, 1666px\" \/>\t\t\t\t\t\t\t\t\t\t\t\t\t\t\t<\/div>\n\t\t\t\t<\/div>\n\t\t\t\t\t<\/div>\n\t\t\t\t<\/div>\n\t\t<div class=\"elementor-element elementor-element-2607da3 e-flex e-con-boxed e-con e-parent\" data-id=\"2607da3\" data-element_type=\"container\" data-e-type=\"container\">\n\t\t\t\t\t<div class=\"e-con-inner\">\n\t\t<div class=\"elementor-element elementor-element-0cbe137 e-con-full e-flex e-con e-child\" data-id=\"0cbe137\" data-element_type=\"container\" data-e-type=\"container\">\n\t\t\t\t<div class=\"elementor-element elementor-element-b97d58e elementor-widget elementor-widget-text-editor\" data-id=\"b97d58e\" data-element_type=\"widget\" data-e-type=\"widget\" data-widget_type=\"text-editor.default\">\n\t\t\t\t<div class=\"elementor-widget-container\">\n\t\t\t\t\t\t\t\t\t<p>Olen TUKES:n valtuuttama ammattitaitoinen ilmal\u00e4mp\u00f6pumppujen asentaja ja suoritan kaiken merkkisten laitteiden asennusta Rantasalmella ja sen l\u00e4hikunnissa. Valikoimastani l\u00f6yd\u00e4t laadukkaat\u00a0 Mitsubishi Heavy ilmal\u00e4mp\u00f6pumput heti asennukseen. Kazan Arctic, Kazan Nordic ja Netsu Nordic malleihin voit tutustua tarkemmin <a href=\"https:\/\/combicool.fi\/materiaalit\/mitsubishi-heavy\/esitteet\/\" target=\"_blank\" rel=\"noopener\">t\u00e4\u00e4lt\u00e4.<\/a><\/p>\t\t\t\t\t\t\t\t<\/div>\n\t\t\t\t<\/div>\n\t\t\t\t<div class=\"elementor-element elementor-element-5684988 elementor-widget elementor-widget-heading\" data-id=\"5684988\" data-element_type=\"widget\" data-e-type=\"widget\" data-widget_type=\"heading.default\">\n\t\t\t\t<div class=\"elementor-widget-container\">\n\t\t\t\t\t<h2 class=\"elementor-heading-title elementor-size-default\">Ota yhteytt\u00e4 ja varaa asennus jo t\u00e4n\u00e4\u00e4n<\/h2>\t\t\t\t<\/div>\n\t\t\t\t<\/div>\n\t\t\t\t<div class=\"elementor-element elementor-element-a0b8312 elementor-widget elementor-widget-text-editor\" data-id=\"a0b8312\" data-element_type=\"widget\" data-e-type=\"widget\" data-widget_type=\"text-editor.default\">\n\t\t\t\t<div class=\"elementor-widget-container\">\n\t\t\t\t\t\t\t\t\t<p>Tarjoan sinulle ilmaisen kartoitusk\u00e4ynnin, jotta v\u00e4ltyt yll\u00e4tt\u00e4vilt\u00e4 lis\u00e4kuluilta. Autan sinua valitsemaan juuri sinulle sopivan mallin sek\u00e4 laitteen oikeassa sijoittelussa. Hoidan laitteen asennuksen ja opastan sinut sen k\u00e4ytt\u00f6\u00f6n. Jatkossa huolehdin laitteen huollosta.\u00a0 <\/p><p>Helppoa ja vaivatonta!<\/p>\t\t\t\t\t\t\t\t<\/div>\n\t\t\t\t<\/div>\n\t\t\t\t<\/div>\n\t\t\t\t\t<\/div>\n\t\t\t\t<\/div>\n\t\t<div class=\"elementor-element elementor-element-95bff65 e-flex e-con-boxed e-con e-parent\" data-id=\"95bff65\" data-element_type=\"container\" data-e-type=\"container\">\n\t\t\t\t\t<div class=\"e-con-inner\">\n\t\t<div class=\"elementor-element elementor-element-083fde4 e-con-full e-flex e-con e-child\" data-id=\"083fde4\" data-element_type=\"container\" data-e-type=\"container\">\n\t\t\t\t<div class=\"elementor-element elementor-element-c9efb66 elementor-widget elementor-widget-text-editor\" data-id=\"c9efb66\" data-element_type=\"widget\" data-e-type=\"widget\" data-widget_type=\"text-editor.default\">\n\t\t\t\t<div class=\"elementor-widget-container\">\n\t\t\t\t\t\t\t\t\t<p>Ville Vihonen<br \/>Rantasalmi<\/p><p>040-5375 220<br \/>tmivillevihonen@gmail.com<\/p>\t\t\t\t\t\t\t\t<\/div>\n\t\t\t\t<\/div>\n\t\t\t\t<\/div>\n\t\t<div class=\"elementor-element elementor-element-6aaafb1 e-con-full e-flex e-con e-child\" data-id=\"6aaafb1\" data-element_type=\"container\" data-e-type=\"container\">\n\t\t\t\t<div class=\"elementor-element elementor-element-06ff225 elementor-widget elementor-widget-image\" data-id=\"06ff225\" data-element_type=\"widget\" data-e-type=\"widget\" data-widget_type=\"image.default\">\n\t\t\t\t<div class=\"elementor-widget-container\">\n\t\t\t\t\t\t\t\t\t\t\t\t\t\t\t<img decoding=\"async\" width=\"769\" height=\"1024\" src=\"https:\/\/www.tmivillevihonen.fi\/wp-content\/uploads\/2024\/01\/ilmalampopumpunasentaja-769x1024.jpg\" class=\"attachment-large size-large wp-image-62\" alt=\"Ilmal\u00e4mp\u00f6pumppujen asentaja asentamassa ulkoyksikk\u00f6\u00e4.\" srcset=\"https:\/\/www.tmivillevihonen.fi\/wp-content\/uploads\/2024\/01\/ilmalampopumpunasentaja-769x1024.jpg 769w, https:\/\/www.tmivillevihonen.fi\/wp-content\/uploads\/2024\/01\/ilmalampopumpunasentaja-225x300.jpg 225w, https:\/\/www.tmivillevihonen.fi\/wp-content\/uploads\/2024\/01\/ilmalampopumpunasentaja-768x1023.jpg 768w, https:\/\/www.tmivillevihonen.fi\/wp-content\/uploads\/2024\/01\/ilmalampopumpunasentaja-1153x1536.jpg 1153w, https:\/\/www.tmivillevihonen.fi\/wp-content\/uploads\/2024\/01\/ilmalampopumpunasentaja.jpg 1501w\" sizes=\"(max-width: 769px) 100vw, 769px\" \/>\t\t\t\t\t\t\t\t\t\t\t\t\t\t\t<\/div>\n\t\t\t\t<\/div>\n\t\t\t\t<\/div>\n\t\t\t\t\t<\/div>\n\t\t\t\t<\/div>\n\t\t\t\t<\/div>\n\t\t","protected":false},"excerpt":{"rendered":"<p>Ilmal\u00e4mp\u00f6pumppujen myynti-asennus-huolto Ilmal\u00e4mp\u00f6pumppujen myynti-asennus-huolto Rantasalmi &#8211; Joroinen &#8211; Varkaus &#8211; Savonlinna &#8211; Juva Olen TUKES:n valtuuttama ammattitaitoinen ilmal\u00e4mp\u00f6pumppujen asentaja ja [&hellip;]<\/p>\n","protected":false},"author":1,"featured_media":0,"parent":0,"menu_order":0,"comment_status":"closed","ping_status":"closed","template":"","meta":{"site-sidebar-layout":"no-sidebar","site-content-layout":"plain-container","ast-site-content-layout":"default","site-content-style":"default","site-sidebar-style":"default","ast-global-header-display":"","ast-banner-title-visibility":"","ast-main-header-display":"","ast-hfb-above-header-display":"","ast-hfb-below-header-display":"","ast-hfb-mobile-header-display":"","site-post-title":"disabled","ast-breadcrumbs-content":"","ast-featured-img":"","footer-sml-layout":"","ast-disable-related-posts":"","theme-transparent-header-meta":"enabled","adv-header-id-meta":"","stick-header-meta":"","header-above-stick-meta":"","header-main-stick-meta":"","header-below-stick-meta":"","astra-migrate-meta-layouts":"default","ast-page-background-enabled":"default","ast-page-background-meta":{"desktop":{"background-color":"var(--ast-global-color-4)","background-image":"","background-repeat":"repeat","background-position":"center center","background-size":"auto","background-attachment":"scroll","background-type":"","background-media":"","overlay-type":"","overlay-color":"","overlay-opacity":"","overlay-gradient":""},"tablet":{"background-color":"","background-image":"","background-repeat":"repeat","background-position":"center center","background-size":"auto","background-attachment":"scroll","background-type":"","background-media":"","overlay-type":"","overlay-color":"","overlay-opacity":"","overlay-gradient":""},"mobile":{"background-color":"","background-image":"","background-repeat":"repeat","background-position":"center center","background-size":"auto","background-attachment":"scroll","background-type":"","background-media":"","overlay-type":"","overlay-color":"","overlay-opacity":"","overlay-gradient":""}},"ast-content-background-meta":{"desktop":{"background-color":"var(--ast-global-color-5)","background-image":"","background-repeat":"repeat","background-position":"center center","background-size":"auto","background-attachment":"scroll","background-type":"","background-media":"","overlay-type":"","overlay-color":"","overlay-opacity":"","overlay-gradient":""},"tablet":{"background-color":"var(--ast-global-color-5)","background-image":"","background-repeat":"repeat","background-position":"center center","background-size":"auto","background-attachment":"scroll","background-type":"","background-media":"","overlay-type":"","overlay-color":"","overlay-opacity":"","overlay-gradient":""},"mobile":{"background-color":"var(--ast-global-color-5)","background-image":"","background-repeat":"repeat","background-position":"center center","background-size":"auto","background-attachment":"scroll","background-type":"","background-media":"","overlay-type":"","overlay-color":"","overlay-opacity":"","overlay-gradient":""}},"footnotes":""},"class_list":["post-14","page","type-page","status-publish","hentry"],"yoast_head":"<!-- This site is optimized with the Yoast SEO plugin v27.4 - https:\/\/yoast.com\/product\/yoast-seo-wordpress\/ -->\n<title>Tmi Ville Vihonen<\/title>\n<meta name=\"description\" content=\"Ilmal\u00e4mp\u00f6pumppujen asentaja l\u00e4hell\u00e4si. Ilmal\u00e4mp\u00f6pumppujen myynti, asennus ja huolto Rantasalmi, Joroinen, Varkaus, Savonlinna ja Juva.\" \/>\n<meta name=\"robots\" content=\"index, follow, max-snippet:-1, max-image-preview:large, max-video-preview:-1\" \/>\n<link rel=\"canonical\" href=\"https:\/\/www.tmivillevihonen.fi\/\" \/>\n<meta property=\"og:locale\" content=\"fi_FI\" \/>\n<meta property=\"og:type\" content=\"article\" \/>\n<meta property=\"og:title\" content=\"Tmi Ville Vihonen\" \/>\n<meta property=\"og:description\" content=\"Ilmal\u00e4mp\u00f6pumppujen asentaja l\u00e4hell\u00e4si. Ilmal\u00e4mp\u00f6pumppujen myynti, asennus ja huolto Rantasalmi, Joroinen, Varkaus, Savonlinna ja Juva.\" \/>\n<meta property=\"og:url\" content=\"https:\/\/www.tmivillevihonen.fi\/\" \/>\n<meta property=\"og:site_name\" content=\"Tmi Ville Vihonen\" \/>\n<meta property=\"article:publisher\" content=\"https:\/\/www.facebook.com\/tmi.ville.vihonen\" \/>\n<meta property=\"article:modified_time\" content=\"2024-02-08T09:10:22+00:00\" \/>\n<meta property=\"og:image\" content=\"https:\/\/www.tmivillevihonen.fi\/wp-content\/uploads\/2024\/01\/vv_logo-e1706348401138.png\" \/>\n<meta name=\"twitter:card\" content=\"summary_large_image\" \/>\n<meta name=\"twitter:label1\" content=\"Arvioitu lukuaika\" \/>\n\t<meta name=\"twitter:data1\" content=\"1 minuutti\" \/>\n<script type=\"application\/ld+json\" class=\"yoast-schema-graph\">{\"@context\":\"https:\\\/\\\/schema.org\",\"@graph\":[{\"@type\":\"WebPage\",\"@id\":\"https:\\\/\\\/www.tmivillevihonen.fi\\\/\",\"url\":\"https:\\\/\\\/www.tmivillevihonen.fi\\\/\",\"name\":\"Tmi Ville Vihonen\",\"isPartOf\":{\"@id\":\"https:\\\/\\\/www.tmivillevihonen.fi\\\/#website\"},\"primaryImageOfPage\":{\"@id\":\"https:\\\/\\\/www.tmivillevihonen.fi\\\/#primaryimage\"},\"image\":{\"@id\":\"https:\\\/\\\/www.tmivillevihonen.fi\\\/#primaryimage\"},\"thumbnailUrl\":\"https:\\\/\\\/www.tmivillevihonen.fi\\\/wp-content\\\/uploads\\\/2024\\\/01\\\/vv_logo-e1706348401138.png\",\"datePublished\":\"2024-01-22T08:14:43+00:00\",\"dateModified\":\"2024-02-08T09:10:22+00:00\",\"description\":\"Ilmal\u00e4mp\u00f6pumppujen asentaja l\u00e4hell\u00e4si. Ilmal\u00e4mp\u00f6pumppujen myynti, asennus ja huolto Rantasalmi, Joroinen, Varkaus, Savonlinna ja Juva.\",\"breadcrumb\":{\"@id\":\"https:\\\/\\\/www.tmivillevihonen.fi\\\/#breadcrumb\"},\"inLanguage\":\"fi\",\"potentialAction\":[{\"@type\":\"ReadAction\",\"target\":[\"https:\\\/\\\/www.tmivillevihonen.fi\\\/\"]}]},{\"@type\":\"ImageObject\",\"inLanguage\":\"fi\",\"@id\":\"https:\\\/\\\/www.tmivillevihonen.fi\\\/#primaryimage\",\"url\":\"https:\\\/\\\/www.tmivillevihonen.fi\\\/wp-content\\\/uploads\\\/2024\\\/01\\\/vv_logo-e1706348401138.png\",\"contentUrl\":\"https:\\\/\\\/www.tmivillevihonen.fi\\\/wp-content\\\/uploads\\\/2024\\\/01\\\/vv_logo-e1706348401138.png\",\"width\":1666,\"height\":1390,\"caption\":\"Tmi Ville Vihonen logo\"},{\"@type\":\"BreadcrumbList\",\"@id\":\"https:\\\/\\\/www.tmivillevihonen.fi\\\/#breadcrumb\",\"itemListElement\":[{\"@type\":\"ListItem\",\"position\":1,\"name\":\"Etusivu\",\"item\":\"https:\\\/\\\/www.tmivillevihonen.fi\\\/\"},{\"@type\":\"ListItem\",\"position\":2,\"name\":\"Home\"}]},{\"@type\":\"WebSite\",\"@id\":\"https:\\\/\\\/www.tmivillevihonen.fi\\\/#website\",\"url\":\"https:\\\/\\\/www.tmivillevihonen.fi\\\/\",\"name\":\"Tmi Ville Vihonen\",\"description\":\"Paikallinen ilmal&auml;mp&ouml;pumppujen asentaja\",\"publisher\":{\"@id\":\"https:\\\/\\\/www.tmivillevihonen.fi\\\/#organization\"},\"potentialAction\":[{\"@type\":\"SearchAction\",\"target\":{\"@type\":\"EntryPoint\",\"urlTemplate\":\"https:\\\/\\\/www.tmivillevihonen.fi\\\/?s={search_term_string}\"},\"query-input\":{\"@type\":\"PropertyValueSpecification\",\"valueRequired\":true,\"valueName\":\"search_term_string\"}}],\"inLanguage\":\"fi\"},{\"@type\":\"Organization\",\"@id\":\"https:\\\/\\\/www.tmivillevihonen.fi\\\/#organization\",\"name\":\"Tmi Ville Vihonen\",\"url\":\"https:\\\/\\\/www.tmivillevihonen.fi\\\/\",\"logo\":{\"@type\":\"ImageObject\",\"inLanguage\":\"fi\",\"@id\":\"https:\\\/\\\/www.tmivillevihonen.fi\\\/#\\\/schema\\\/logo\\\/image\\\/\",\"url\":\"https:\\\/\\\/www.tmivillevihonen.fi\\\/wp-content\\\/uploads\\\/2024\\\/01\\\/vv_logo_512x512.jpg\",\"contentUrl\":\"https:\\\/\\\/www.tmivillevihonen.fi\\\/wp-content\\\/uploads\\\/2024\\\/01\\\/vv_logo_512x512.jpg\",\"width\":512,\"height\":512,\"caption\":\"Tmi Ville Vihonen\"},\"image\":{\"@id\":\"https:\\\/\\\/www.tmivillevihonen.fi\\\/#\\\/schema\\\/logo\\\/image\\\/\"},\"sameAs\":[\"https:\\\/\\\/www.facebook.com\\\/tmi.ville.vihonen\"]}]}<\/script>\n<!-- \/ Yoast SEO plugin. -->","yoast_head_json":{"title":"Tmi Ville Vihonen","description":"Ilmal\u00e4mp\u00f6pumppujen asentaja l\u00e4hell\u00e4si. Ilmal\u00e4mp\u00f6pumppujen myynti, asennus ja huolto Rantasalmi, Joroinen, Varkaus, Savonlinna ja Juva.","robots":{"index":"index","follow":"follow","max-snippet":"max-snippet:-1","max-image-preview":"max-image-preview:large","max-video-preview":"max-video-preview:-1"},"canonical":"https:\/\/www.tmivillevihonen.fi\/","og_locale":"fi_FI","og_type":"article","og_title":"Tmi Ville Vihonen","og_description":"Ilmal\u00e4mp\u00f6pumppujen asentaja l\u00e4hell\u00e4si. Ilmal\u00e4mp\u00f6pumppujen myynti, asennus ja huolto Rantasalmi, Joroinen, Varkaus, Savonlinna ja Juva.","og_url":"https:\/\/www.tmivillevihonen.fi\/","og_site_name":"Tmi Ville Vihonen","article_publisher":"https:\/\/www.facebook.com\/tmi.ville.vihonen","article_modified_time":"2024-02-08T09:10:22+00:00","og_image":[{"url":"https:\/\/www.tmivillevihonen.fi\/wp-content\/uploads\/2024\/01\/vv_logo-e1706348401138.png","type":"","width":"","height":""}],"twitter_card":"summary_large_image","twitter_misc":{"Arvioitu lukuaika":"1 minuutti"},"schema":{"@context":"https:\/\/schema.org","@graph":[{"@type":"WebPage","@id":"https:\/\/www.tmivillevihonen.fi\/","url":"https:\/\/www.tmivillevihonen.fi\/","name":"Tmi Ville Vihonen","isPartOf":{"@id":"https:\/\/www.tmivillevihonen.fi\/#website"},"primaryImageOfPage":{"@id":"https:\/\/www.tmivillevihonen.fi\/#primaryimage"},"image":{"@id":"https:\/\/www.tmivillevihonen.fi\/#primaryimage"},"thumbnailUrl":"https:\/\/www.tmivillevihonen.fi\/wp-content\/uploads\/2024\/01\/vv_logo-e1706348401138.png","datePublished":"2024-01-22T08:14:43+00:00","dateModified":"2024-02-08T09:10:22+00:00","description":"Ilmal\u00e4mp\u00f6pumppujen asentaja l\u00e4hell\u00e4si. Ilmal\u00e4mp\u00f6pumppujen myynti, asennus ja huolto Rantasalmi, Joroinen, Varkaus, Savonlinna ja Juva.","breadcrumb":{"@id":"https:\/\/www.tmivillevihonen.fi\/#breadcrumb"},"inLanguage":"fi","potentialAction":[{"@type":"ReadAction","target":["https:\/\/www.tmivillevihonen.fi\/"]}]},{"@type":"ImageObject","inLanguage":"fi","@id":"https:\/\/www.tmivillevihonen.fi\/#primaryimage","url":"https:\/\/www.tmivillevihonen.fi\/wp-content\/uploads\/2024\/01\/vv_logo-e1706348401138.png","contentUrl":"https:\/\/www.tmivillevihonen.fi\/wp-content\/uploads\/2024\/01\/vv_logo-e1706348401138.png","width":1666,"height":1390,"caption":"Tmi Ville Vihonen logo"},{"@type":"BreadcrumbList","@id":"https:\/\/www.tmivillevihonen.fi\/#breadcrumb","itemListElement":[{"@type":"ListItem","position":1,"name":"Etusivu","item":"https:\/\/www.tmivillevihonen.fi\/"},{"@type":"ListItem","position":2,"name":"Home"}]},{"@type":"WebSite","@id":"https:\/\/www.tmivillevihonen.fi\/#website","url":"https:\/\/www.tmivillevihonen.fi\/","name":"Tmi Ville Vihonen","description":"Paikallinen ilmal&auml;mp&ouml;pumppujen asentaja","publisher":{"@id":"https:\/\/www.tmivillevihonen.fi\/#organization"},"potentialAction":[{"@type":"SearchAction","target":{"@type":"EntryPoint","urlTemplate":"https:\/\/www.tmivillevihonen.fi\/?s={search_term_string}"},"query-input":{"@type":"PropertyValueSpecification","valueRequired":true,"valueName":"search_term_string"}}],"inLanguage":"fi"},{"@type":"Organization","@id":"https:\/\/www.tmivillevihonen.fi\/#organization","name":"Tmi Ville Vihonen","url":"https:\/\/www.tmivillevihonen.fi\/","logo":{"@type":"ImageObject","inLanguage":"fi","@id":"https:\/\/www.tmivillevihonen.fi\/#\/schema\/logo\/image\/","url":"https:\/\/www.tmivillevihonen.fi\/wp-content\/uploads\/2024\/01\/vv_logo_512x512.jpg","contentUrl":"https:\/\/www.tmivillevihonen.fi\/wp-content\/uploads\/2024\/01\/vv_logo_512x512.jpg","width":512,"height":512,"caption":"Tmi Ville Vihonen"},"image":{"@id":"https:\/\/www.tmivillevihonen.fi\/#\/schema\/logo\/image\/"},"sameAs":["https:\/\/www.facebook.com\/tmi.ville.vihonen"]}]}},"_links":{"self":[{"href":"https:\/\/www.tmivillevihonen.fi\/index.php?rest_route=\/wp\/v2\/pages\/14","targetHints":{"allow":["GET"]}}],"collection":[{"href":"https:\/\/www.tmivillevihonen.fi\/index.php?rest_route=\/wp\/v2\/pages"}],"about":[{"href":"https:\/\/www.tmivillevihonen.fi\/index.php?rest_route=\/wp\/v2\/types\/page"}],"author":[{"embeddable":true,"href":"https:\/\/www.tmivillevihonen.fi\/index.php?rest_route=\/wp\/v2\/users\/1"}],"replies":[{"embeddable":true,"href":"https:\/\/www.tmivillevihonen.fi\/index.php?rest_route=%2Fwp%2Fv2%2Fcomments&post=14"}],"version-history":[{"count":160,"href":"https:\/\/www.tmivillevihonen.fi\/index.php?rest_route=\/wp\/v2\/pages\/14\/revisions"}],"predecessor-version":[{"id":246,"href":"https:\/\/www.tmivillevihonen.fi\/index.php?rest_route=\/wp\/v2\/pages\/14\/revisions\/246"}],"wp:attachment":[{"href":"https:\/\/www.tmivillevihonen.fi\/index.php?rest_route=%2Fwp%2Fv2%2Fmedia&parent=14"}],"curies":[{"name":"wp","href":"https:\/\/api.w.org\/{rel}","templated":true}]}}